{"id":2205,"date":"2024-04-27T18:19:33","date_gmt":"2024-04-27T18:19:33","guid":{"rendered":"https:\/\/miorivieranayarit.com\/qr\/?page_id=2205"},"modified":"2024-06-04T19:49:48","modified_gmt":"2024-06-04T19:49:48","slug":"menu-rooftop","status":"publish","type":"page","link":"https:\/\/miorivieranayarit.com\/qr\/menu-rooftop\/","title":{"rendered":"Menu RoofTop"},"content":{"rendered":"\t\t<div data-elementor-type=\"wp-page\" data-elementor-id=\"2205\" class=\"elementor elementor-2205\">\n\t\t\t\t\t\t\t\t\t<section data-particle_enable=\"false\" data-particle-mobile-disabled=\"false\" class=\"elementor-section elementor-top-section elementor-element elementor-element-f1d1489 elementor-section-boxed elementor-section-height-default elementor-section-height-default\" data-id=\"f1d1489\" data-element_type=\"section\">\n\t\t\t\t\t\t<div class=\"elementor-container elementor-column-gap-default\">\n\t\t\t\t\t<div class=\"elementor-column elementor-col-100 elementor-top-column elementor-element elementor-element-7980555\" data-id=\"7980555\" data-element_type=\"column\">\n\t\t\t<div class=\"elementor-widget-wrap elementor-element-populated\">\n\t\t\t\t\t\t\t\t<div class=\"elementor-element elementor-element-344bac7 elementor-widget elementor-widget-narestaurant_unique_food_menu\" data-id=\"344bac7\" data-element_type=\"widget\" data-widget_type=\"narestaurant_unique_food_menu.default\">\n\t\t\t\t<div class=\"elementor-widget-container\">\n\t\t\t<div class=\"narep-food-menu-wrap food-menu-four\"><div class=\"narep-food-menu-item-wrap zoom-image hav-img food-menu-heighlight\">\n\t\t\t\t\t\t\t\t\t\t\t              <div class=\"narep-food-menu-item\"><div class=\"narep-image narep-popup\"><a href=\"https:\/\/miorivieranayarit.com\/qr\/wp-content\/uploads\/2024\/04\/aguachile.jpeg\"><img decoding=\"async\" src=\"https:\/\/miorivieranayarit.com\/qr\/wp-content\/uploads\/2024\/04\/aguachile.jpeg\" alt=\"TORRE DE MARISCOS 260 gr *\"><\/a><\/div><\/div><div class=\"narep-food-menu-info\"><h4 class=\"narep-food-menu-title\"><span class=\"food-title\">TORRE DE MARISCOS 260 gr *<\/span><span class=\"food-price\">$270<\/span><\/h4><p>Con aguacate y aceite de\nchile jalape\u00f1o fresco\n<\/p><\/div>\n\t\t\t\t\t\t\t\t\t\t\t            <\/div><div class=\"narep-food-menu-item-wrap zoom-image hav-img\">\n\t\t\t\t\t\t\t\t\t\t\t              <div class=\"narep-food-menu-item\"><div class=\"narep-image narep-popup\"><a href=\"https:\/\/miorivieranayarit.com\/qr\/wp-content\/uploads\/2024\/04\/Ceviche-Vallarta.jpeg\"><img decoding=\"async\" src=\"https:\/\/miorivieranayarit.com\/qr\/wp-content\/uploads\/2024\/04\/Ceviche-Vallarta.jpeg\" alt=\"AGUACHILE DE CAMARON 260 gr *\"><\/a><\/div><\/div><div class=\"narep-food-menu-info\"><h4 class=\"narep-food-menu-title\"><span class=\"food-title\">AGUACHILE DE CAMARON 260 gr *<\/span><span class=\"food-price\">$260<\/span><\/h4><p>Con aceite de mango y chile morita<\/p><\/div>\n\t\t\t\t\t\t\t\t\t\t\t            <\/div><div class=\"narep-food-menu-item-wrap zoom-image hav-img\">\n\t\t\t\t\t\t\t\t\t\t\t              <div class=\"narep-food-menu-item\"><div class=\"narep-image narep-popup\"><a href=\"https:\/\/miorivieranayarit.com\/qr\/wp-content\/uploads\/2024\/04\/torre-de-mariscos.jpeg\"><img decoding=\"async\" src=\"https:\/\/miorivieranayarit.com\/qr\/wp-content\/uploads\/2024\/04\/torre-de-mariscos.jpeg\" alt=\"EL MAS TRADICIONAL 250 gr *\"><\/a><\/div><\/div><div class=\"narep-food-menu-info\"><h4 class=\"narep-food-menu-title\"><span class=\"food-title\">EL MAS TRADICIONAL 250 gr *<\/span><span class=\"food-price\">$195<\/span><\/h4><p>El ceviche m\u00e1s tradicional de Vallarta<\/p><\/div>\n\t\t\t\t\t\t\t\t\t\t\t            <\/div><div class=\"narep-food-menu-item-wrap zoom-image hav-img\">\n\t\t\t\t\t\t\t\t\t\t\t              <div class=\"narep-food-menu-item\"><div class=\"narep-image narep-popup\"><a href=\"https:\/\/miorivieranayarit.com\/qr\/wp-content\/uploads\/2024\/04\/trilogia.jpeg\"><img decoding=\"async\" src=\"https:\/\/miorivieranayarit.com\/qr\/wp-content\/uploads\/2024\/04\/trilogia.jpeg\" alt=\"TRILOGIA MARINERA *\"><\/a><\/div><\/div><div class=\"narep-food-menu-info\"><h4 class=\"narep-food-menu-title\"><span class=\"food-title\">TRILOGIA MARINERA *<\/span><span class=\"food-price\">$160<\/span><\/h4><p>Camar\u00f3n marl\u00edn y pulpo 3 paz\nCon caldillo de chile habanero.\n<\/p><\/div>\n\t\t\t\t\t\t\t\t\t\t\t            <\/div><div class=\"narep-food-menu-item-wrap zoom-image hav-img\">\n\t\t\t\t\t\t\t\t\t\t\t              <div class=\"narep-food-menu-item\"><div class=\"narep-image narep-popup\"><a href=\"https:\/\/miorivieranayarit.com\/qr\/wp-content\/uploads\/2024\/04\/clasico-gobernador.jpeg\"><img decoding=\"async\" src=\"https:\/\/miorivieranayarit.com\/qr\/wp-content\/uploads\/2024\/04\/clasico-gobernador.jpeg\" alt=\"CL\u00c1SICOS GOBERNADOR  *\"><\/a><\/div><\/div><div class=\"narep-food-menu-info\"><h4 class=\"narep-food-menu-title\"><span class=\"food-title\">CL\u00c1SICOS GOBERNADOR  *<\/span><span class=\"food-price\">$160<\/span><\/h4><p>Camar\u00f3n 3 pza.<\/p><\/div>\n\t\t\t\t\t\t\t\t\t\t\t            <\/div><div class=\"narep-food-menu-item-wrap zoom-image hav-img\">\n\t\t\t\t\t\t\t\t\t\t\t              <div class=\"narep-food-menu-item\"><div class=\"narep-image narep-popup\"><a href=\"https:\/\/miorivieranayarit.com\/qr\/wp-content\/uploads\/2024\/04\/nachos.jpeg\"><img decoding=\"async\" src=\"https:\/\/miorivieranayarit.com\/qr\/wp-content\/uploads\/2024\/04\/nachos.jpeg\" alt=\"NACHOS EXTRA PONCH *\"><\/a><\/div><\/div><div class=\"narep-food-menu-info\"><h4 class=\"narep-food-menu-title\"><span class=\"food-title\">NACHOS EXTRA PONCH *<\/span><span class=\"food-price\">Naturales 220 grs  $190<br>Con Carne o Pollo 180grs $280<\/span><\/h4><\/div>\n\t\t\t\t\t\t\t\t\t\t\t            <\/div><div class=\"narep-food-menu-item-wrap zoom-image hav-img\">\n\t\t\t\t\t\t\t\t\t\t\t              <div class=\"narep-food-menu-item\"><div class=\"narep-image narep-popup\"><a href=\"https:\/\/miorivieranayarit.com\/qr\/wp-content\/uploads\/2024\/04\/hamb-top.jpeg\"><img decoding=\"async\" src=\"https:\/\/miorivieranayarit.com\/qr\/wp-content\/uploads\/2024\/04\/hamb-top.jpeg\" alt=\"HAMBURGUESA TOP 240gr*\"><\/a><\/div><\/div><div class=\"narep-food-menu-info\"><h4 class=\"narep-food-menu-title\"><span class=\"food-title\">HAMBURGUESA TOP 240gr*<\/span><span class=\"food-price\">$270<\/span><\/h4><p>Delicioso top Sirloin. Acompa\u00f1ado con pi\u00f1a asada gratinada\ncon queso monterrey Jack \n<\/p><\/div>\n\t\t\t\t\t\t\t\t\t\t\t            <\/div><div class=\"narep-food-menu-item-wrap zoom-image hav-img\">\n\t\t\t\t\t\t\t\t\t\t\t              <div class=\"narep-food-menu-item\"><div class=\"narep-image narep-popup\"><a href=\"https:\/\/miorivieranayarit.com\/qr\/wp-content\/uploads\/2024\/04\/hamb-camaron.jpeg\"><img decoding=\"async\" src=\"https:\/\/miorivieranayarit.com\/qr\/wp-content\/uploads\/2024\/04\/hamb-camaron.jpeg\" alt=\"HAMBURGUESA DE CAMARON 220 gr  *\"><\/a><\/div><\/div><div class=\"narep-food-menu-info\"><h4 class=\"narep-food-menu-title\"><span class=\"food-title\">HAMBURGUESA DE CAMARON 220 gr  *<\/span><span class=\"food-price\">$285<\/span><\/h4><p>Acompa\u00f1ada con pi\u00f1a asada y\nGratinada con queso gouda y tocino\n<\/p><\/div>\n\t\t\t\t\t\t\t\t\t\t\t            <\/div><\/div>\t\t<\/div>\n\t\t\t\t<\/div>\n\t\t\t\t\t<\/div>\n\t\t<\/div>\n\t\t\t\t\t\t\t<\/div>\n\t\t<\/section>\n\t\t\t\t<section data-particle_enable=\"false\" data-particle-mobile-disabled=\"false\" class=\"elementor-section elementor-top-section elementor-element elementor-element-8daa768 elementor-section-boxed elementor-section-height-default elementor-section-height-default\" data-id=\"8daa768\" data-element_type=\"section\">\n\t\t\t\t\t\t<div class=\"elementor-container elementor-column-gap-default\">\n\t\t\t\t\t<div class=\"elementor-column elementor-col-100 elementor-top-column elementor-element elementor-element-d55afa5\" data-id=\"d55afa5\" data-element_type=\"column\">\n\t\t\t<div class=\"elementor-widget-wrap elementor-element-populated\">\n\t\t\t\t\t\t\t\t<div class=\"elementor-element elementor-element-fa53313 elementor-widget elementor-widget-text-editor\" data-id=\"fa53313\" data-element_type=\"widget\" data-widget_type=\"text-editor.default\">\n\t\t\t\t<div class=\"elementor-widget-container\">\n\t\t\t<style>\/*! elementor - v3.10.1 - 17-01-2023 *\/\n.elementor-widget-text-editor.elementor-drop-cap-view-stacked .elementor-drop-cap{background-color:#818a91;color:#fff}.elementor-widget-text-editor.elementor-drop-cap-view-framed .elementor-drop-cap{color:#818a91;border:3px solid;background-color:transparent}.elementor-widget-text-editor:not(.elementor-drop-cap-view-default) .elementor-drop-cap{margin-top:8px}.elementor-widget-text-editor:not(.elementor-drop-cap-view-default) .elementor-drop-cap-letter{width:1em;height:1em}.elementor-widget-text-editor .elementor-drop-cap{float:left;text-align:center;line-height:1;font-size:50px}.elementor-widget-text-editor .elementor-drop-cap-letter{display:inline-block}<\/style>\t\t\t\t<p>*&#8221;Esta carta contiene alimentos poco cocidos o crudos, el consumo de los mismos es bajo su propia responsabilidad&#8221;<\/p>\t\t\t\t\t\t<\/div>\n\t\t\t\t<\/div>\n\t\t\t\t\t<\/div>\n\t\t<\/div>\n\t\t\t\t\t\t\t<\/div>\n\t\t<\/section>\n\t\t\t\t\t\t\t<\/div>\n\t\t","protected":false},"excerpt":{"rendered":"<p>TORRE DE MARISCOS 260 gr *$270 Con aguacate y aceite de chile jalape\u00f1o fresco AGUACHILE DE CAMARON 260 gr *$260 Con aceite de mango y chile morita EL MAS TRADICIONAL 250 gr *$195 El ceviche m\u00e1s tradicional de Vallarta TRILOGIA MARINERA *$160 Camar\u00f3n marl\u00edn y pulpo 3 paz Con caldillo de chile habanero. CL\u00c1SICOS GOBERNADOR&hellip; <a class=\"more-link\" href=\"https:\/\/miorivieranayarit.com\/qr\/menu-rooftop\/\">Seguir leyendo <span class=\"screen-reader-text\">Menu RoofTop<\/span><\/a><\/p>\n","protected":false},"author":1,"featured_media":0,"parent":0,"menu_order":0,"comment_status":"closed","ping_status":"closed","template":"..\/public\/views\/revslider-page-template.php","meta":{"footnotes":""},"class_list":["post-2205","page","type-page","status-publish","hentry","entry"],"_links":{"self":[{"href":"https:\/\/miorivieranayarit.com\/qr\/wp-json\/wp\/v2\/pages\/2205"}],"collection":[{"href":"https:\/\/miorivieranayarit.com\/qr\/wp-json\/wp\/v2\/pages"}],"about":[{"href":"https:\/\/miorivieranayarit.com\/qr\/wp-json\/wp\/v2\/types\/page"}],"author":[{"embeddable":true,"href":"https:\/\/miorivieranayarit.com\/qr\/wp-json\/wp\/v2\/users\/1"}],"replies":[{"embeddable":true,"href":"https:\/\/miorivieranayarit.com\/qr\/wp-json\/wp\/v2\/comments?post=2205"}],"version-history":[{"count":37,"href":"https:\/\/miorivieranayarit.com\/qr\/wp-json\/wp\/v2\/pages\/2205\/revisions"}],"predecessor-version":[{"id":2360,"href":"https:\/\/miorivieranayarit.com\/qr\/wp-json\/wp\/v2\/pages\/2205\/revisions\/2360"}],"wp:attachment":[{"href":"https:\/\/miorivieranayarit.com\/qr\/wp-json\/wp\/v2\/media?parent=2205"}],"curies":[{"name":"wp","href":"https:\/\/api.w.org\/{rel}","templated":true}]}}